{"id":681,"date":"2020-11-10T09:04:31","date_gmt":"2020-11-10T09:04:31","guid":{"rendered":"http:\/\/graafinenkuu.com\/wordpress\/?page_id=681"},"modified":"2020-12-15T10:28:27","modified_gmt":"2020-12-15T10:28:27","slug":"pajan-tarina","status":"publish","type":"page","link":"http:\/\/graafinenkuu.com\/wordpress\/pajan-tarina\/","title":{"rendered":"Pajan tarina"},"content":{"rendered":"\t\t<div data-elementor-type=\"wp-page\" data-elementor-id=\"681\" class=\"elementor elementor-681\">\n\t\t\t\t\t\t<div class=\"elementor-inner\">\n\t\t\t\t<div class=\"elementor-section-wrap\">\n\t\t\t\t\t\t\t\t\t<section class=\"elementor-section elementor-top-section elementor-element elementor-element-33a79095 elementor-section-boxed elementor-section-height-default elementor-section-height-default\" data-id=\"33a79095\" data-element_type=\"section\" data-settings=\"{&quot;background_background&quot;:&quot;classic&quot;,&quot;shape_divider_bottom&quot;:&quot;arrow&quot;}\">\n\t\t\t\t\t\t\t<div class=\"elementor-background-overlay\"><\/div>\n\t\t\t\t\t\t<div class=\"elementor-shape elementor-shape-bottom\" data-negative=\"false\">\n\t\t\t<svg xmlns=\"http:\/\/www.w3.org\/2000\/svg\" viewBox=\"0 0 700 10\" preserveAspectRatio=\"none\">\n\t<path class=\"elementor-shape-fill\" d=\"M350,10L340,0h20L350,10z\"\/>\n<\/svg>\t\t<\/div>\n\t\t\t\t\t<div class=\"elementor-container elementor-column-gap-default\">\n\t\t\t\t\t\t\t<div class=\"elementor-row\">\n\t\t\t\t\t<div class=\"elementor-column elementor-col-100 elementor-top-column elementor-element elementor-element-3706530d\" data-id=\"3706530d\" data-element_type=\"column\">\n\t\t\t<div class=\"elementor-column-wrap elementor-element-populated\">\n\t\t\t\t\t\t\t<div class=\"elementor-widget-wrap\">\n\t\t\t\t\t\t<div class=\"elementor-element elementor-element-537de1f elementor-widget elementor-widget-heading\" data-id=\"537de1f\" data-element_type=\"widget\" data-widget_type=\"heading.default\">\n\t\t\t\t<div class=\"elementor-widget-container\">\n\t\t\t<h1 class=\"elementor-heading-title elementor-size-default\">pajan tarina<\/h1>\t\t<\/div>\n\t\t\t\t<\/div>\n\t\t\t\t\t\t<\/div>\n\t\t\t\t\t<\/div>\n\t\t<\/div>\n\t\t\t\t\t\t\t\t<\/div>\n\t\t\t\t\t<\/div>\n\t\t<\/section>\n\t\t\t\t<section class=\"elementor-section elementor-top-section elementor-element elementor-element-2dbed9a elementor-section-boxed elementor-section-height-default elementor-section-height-default\" data-id=\"2dbed9a\" data-element_type=\"section\">\n\t\t\t\t\t\t<div class=\"elementor-container elementor-column-gap-default\">\n\t\t\t\t\t\t\t<div class=\"elementor-row\">\n\t\t\t\t\t<div class=\"elementor-column elementor-col-33 elementor-top-column elementor-element elementor-element-c54645a\" data-id=\"c54645a\" data-element_type=\"column\">\n\t\t\t<div class=\"elementor-column-wrap\">\n\t\t\t\t\t\t\t<div class=\"elementor-widget-wrap\">\n\t\t\t\t\t\t\t\t<\/div>\n\t\t\t\t\t<\/div>\n\t\t<\/div>\n\t\t\t\t<div class=\"elementor-column elementor-col-33 elementor-top-column elementor-element elementor-element-1ca627b\" data-id=\"1ca627b\" data-element_type=\"column\">\n\t\t\t<div class=\"elementor-column-wrap elementor-element-populated\">\n\t\t\t\t\t\t\t<div class=\"elementor-widget-wrap\">\n\t\t\t\t\t\t<div class=\"elementor-element elementor-element-42fd904 elementor-widget elementor-widget-heading\" data-id=\"42fd904\" data-element_type=\"widget\" data-widget_type=\"heading.default\">\n\t\t\t\t<div class=\"elementor-widget-container\">\n\t\t\t<h2 class=\"elementor-heading-title elementor-size-default\">mist\u00e4 kaikki sai alkunsa?\n<\/h2>\t\t<\/div>\n\t\t\t\t<\/div>\n\t\t\t\t<div class=\"elementor-element elementor-element-432499d elementor-widget-divider--view-line elementor-widget elementor-widget-divider\" data-id=\"432499d\" data-element_type=\"widget\" data-widget_type=\"divider.default\">\n\t\t\t\t<div class=\"elementor-widget-container\">\n\t\t\t\t\t<div class=\"elementor-divider\">\n\t\t\t<span class=\"elementor-divider-separator\">\n\t\t\t\t\t\t<\/span>\n\t\t<\/div>\n\t\t\t\t<\/div>\n\t\t\t\t<\/div>\n\t\t\t\t<div class=\"elementor-element elementor-element-8dff22f elementor-widget elementor-widget-text-editor\" data-id=\"8dff22f\" data-element_type=\"widget\" data-widget_type=\"text-editor.default\">\n\t\t\t\t<div class=\"elementor-widget-container\">\n\t\t\t\t\t\t\t\t<div class=\"elementor-text-editor elementor-clearfix\">\n\t\t\t\t<p>Jos unohdetaan entiselle kotipaikalle tehdyt pajaviritykset, niin ensimm\u00e4inen oma paja l\u00f6ytyi Karjaalta vuoden 2004 kev\u00e4\u00e4ll\u00e4. Sepp\u00e4yritt\u00e4j\u00e4koulutuksessa ollut tuttava oli vuokrannut VR:n vanhan pajan ja ensimm\u00e4iset vuodet pajaa vuokrattiin kimpassa. Ty\u00f6t veiv\u00e4t toisen harrastajan pois paikkakunnalta ja onnellisista sepist\u00e4 vanhempi jatkoi pajalla muiden t\u00f6iden ja sep\u00e4ksi opiskelun ohessa. Iltakurssien lis\u00e4ksi tietoa hankittiin vuoden sepp\u00e4yritt\u00e4j\u00e4 -kurssilta, jonka puitteissa tehty yrityssuunnitelma toteutui my\u00f6s k\u00e4yt\u00e4nn\u00f6ss\u00e4 \u2013 Onnellisen Sep\u00e4n paja kirjattiin kaupparekisteriin vuonna 2008.<\/p>\n<p>Aseman pajalle ilmestyi samana vuonna my\u00f6s toinen nykyisist\u00e4 takojista. V\u00e4livuotta varusmiespalvelun j\u00e4lkeen pajalle pit\u00e4m\u00e4\u00e4n tuli nuorempi sepp\u00e4 Sami ja j\u00e4i sille tielleen. Seuraavana vuonna Billn\u00e4sin ruukin keskeinen alue vaihtoi omistajaa ja jokirannan pajaan etsittiin seppi\u00e4 takomaan tapahtumien aikana. Onnellisen Sep\u00e4n paja oli sopivasti naapurissa ja seuraavan kes\u00e4n j\u00e4lkeen aseman vanha paja j\u00e4i varastoksi ja ty\u00f6t siirtyiv\u00e4t Billn\u00e4siin.<\/p>\n<p>K\u00e4yt\u00e4nn\u00f6ss\u00e4 siirryttiin hieman uudempiin tiloihin, sill\u00e4 aseman paja oli rakennettu 1800-luvun viime vuosina ja alun perin voimalaitoksena palvellut Billn\u00e4sin paja vasta 1906! Pelk\u00e4st\u00e4\u00e4n jokirannan pajassa t\u00f6it\u00e4 tehtiin vuoteen 2015 saakka, jolloin saatiin ruukista lis\u00e4tilaksi karkaisimon alakerta isompien t\u00f6iden kokoonpanoa varten.<\/p>\n<p>Varsinaisen ty\u00f6pajan vaihtaessa paikkaa kurssipaja on vuosien varrella ollut samassa paikassa, Karjalohjalla Katteluksen tilalla. Ensimm\u00e4iset kurssit kyl\u00e4pajalla pidettiin syksyll\u00e4 2008. Toiminta kyl\u00e4pajalla jatkuu edelleen, joskin tilan yll\u00e4pitovastuun on siirtynyt opistoryhmist\u00e4 syntyneelle yhdistykselle.<\/p>\t\t\t\t\t<\/div>\n\t\t\t\t\t\t<\/div>\n\t\t\t\t<\/div>\n\t\t\t\t\t\t<\/div>\n\t\t\t\t\t<\/div>\n\t\t<\/div>\n\t\t\t\t<div class=\"elementor-column elementor-col-33 elementor-top-column elementor-element elementor-element-92a5c23\" data-id=\"92a5c23\" data-element_type=\"column\">\n\t\t\t<div class=\"elementor-column-wrap\">\n\t\t\t\t\t\t\t<div class=\"elementor-widget-wrap\">\n\t\t\t\t\t\t\t\t<\/div>\n\t\t\t\t\t<\/div>\n\t\t<\/div>\n\t\t\t\t\t\t\t\t<\/div>\n\t\t\t\t\t<\/div>\n\t\t<\/section>\n\t\t\t\t<section class=\"elementor-section elementor-top-section elementor-element elementor-element-3204cb2 elementor-section-boxed elementor-section-height-default elementor-section-height-default\" data-id=\"3204cb2\" data-element_type=\"section\" data-settings=\"{&quot;background_background&quot;:&quot;classic&quot;,&quot;shape_divider_bottom&quot;:&quot;arrow&quot;,&quot;shape_divider_top&quot;:&quot;arrow&quot;,&quot;shape_divider_top_negative&quot;:&quot;yes&quot;}\">\n\t\t\t\t\t<div class=\"elementor-shape elementor-shape-top\" data-negative=\"true\">\n\t\t\t<svg xmlns=\"http:\/\/www.w3.org\/2000\/svg\" viewBox=\"0 0 700 10\" preserveAspectRatio=\"none\">\n\t<path class=\"elementor-shape-fill\" d=\"M360 0L350 9.9 340 0 0 0 0 10 700 10 700 0\"\/>\n<\/svg>\t\t<\/div>\n\t\t\t\t<div class=\"elementor-shape elementor-shape-bottom\" data-negative=\"false\">\n\t\t\t<svg xmlns=\"http:\/\/www.w3.org\/2000\/svg\" viewBox=\"0 0 700 10\" preserveAspectRatio=\"none\">\n\t<path class=\"elementor-shape-fill\" d=\"M350,10L340,0h20L350,10z\"\/>\n<\/svg>\t\t<\/div>\n\t\t\t\t\t<div class=\"elementor-container elementor-column-gap-default\">\n\t\t\t\t\t\t\t<div class=\"elementor-row\">\n\t\t\t\t\t<div class=\"elementor-column elementor-col-100 elementor-top-column elementor-element elementor-element-ee73db4\" data-id=\"ee73db4\" data-element_type=\"column\">\n\t\t\t<div class=\"elementor-column-wrap elementor-element-populated\">\n\t\t\t\t\t\t\t<div class=\"elementor-widget-wrap\">\n\t\t\t\t\t\t<div class=\"elementor-element elementor-element-442a774 elementor-widget elementor-widget-heading\" data-id=\"442a774\" data-element_type=\"widget\" data-widget_type=\"heading.default\">\n\t\t\t\t<div class=\"elementor-widget-container\">\n\t\t\t<h2 class=\"elementor-heading-title elementor-size-default\">on ne seppi\u00e4 ...<\/h2>\t\t<\/div>\n\t\t\t\t<\/div>\n\t\t\t\t<div class=\"elementor-element elementor-element-a904da1 elementor-widget-divider--view-line elementor-widget elementor-widget-divider\" data-id=\"a904da1\" data-element_type=\"widget\" data-widget_type=\"divider.default\">\n\t\t\t\t<div class=\"elementor-widget-container\">\n\t\t\t\t\t<div class=\"elementor-divider\">\n\t\t\t<span class=\"elementor-divider-separator\">\n\t\t\t\t\t\t<\/span>\n\t\t<\/div>\n\t\t\t\t<\/div>\n\t\t\t\t<\/div>\n\t\t\t\t<section class=\"elementor-section elementor-inner-section elementor-element elementor-element-c4b7cb4 elementor-section-boxed elementor-section-height-default elementor-section-height-default\" data-id=\"c4b7cb4\" data-element_type=\"section\">\n\t\t\t\t\t\t<div class=\"elementor-container elementor-column-gap-default\">\n\t\t\t\t\t\t\t<div class=\"elementor-row\">\n\t\t\t\t\t<div class=\"elementor-column elementor-col-50 elementor-inner-column elementor-element elementor-element-c356ef2\" data-id=\"c356ef2\" data-element_type=\"column\">\n\t\t\t<div class=\"elementor-column-wrap elementor-element-populated\">\n\t\t\t\t\t\t\t<div class=\"elementor-widget-wrap\">\n\t\t\t\t\t\t<section class=\"elementor-section elementor-inner-section elementor-element elementor-element-9e12a8e elementor-section-boxed elementor-section-height-default elementor-section-height-default\" data-id=\"9e12a8e\" data-element_type=\"section\">\n\t\t\t\t\t\t<div class=\"elementor-container elementor-column-gap-default\">\n\t\t\t\t\t\t\t<div class=\"elementor-row\">\n\t\t\t\t\t<div class=\"elementor-column elementor-col-100 elementor-inner-column elementor-element elementor-element-51ee624\" data-id=\"51ee624\" data-element_type=\"column\">\n\t\t\t<div class=\"elementor-column-wrap elementor-element-populated\">\n\t\t\t\t\t\t\t<div class=\"elementor-widget-wrap\">\n\t\t\t\t\t\t<div class=\"elementor-element elementor-element-22b1727 elementor-widget elementor-widget-image\" data-id=\"22b1727\" data-element_type=\"widget\" data-widget_type=\"image.default\">\n\t\t\t\t<div class=\"elementor-widget-container\">\n\t\t\t\t\t\t\t\t<div class=\"elementor-image\">\n\t\t\t\t\t\t\t\t\t\t\t\t<img decoding=\"async\" width=\"581\" height=\"387\" src=\"http:\/\/graafinenkuu.com\/wordpress\/wp-content\/uploads\/2020\/12\/paja_juhani3.jpg\" class=\"attachment-full size-full\" alt=\"\" loading=\"lazy\" srcset=\"http:\/\/graafinenkuu.com\/wordpress\/wp-content\/uploads\/2020\/12\/paja_juhani3.jpg 581w, http:\/\/graafinenkuu.com\/wordpress\/wp-content\/uploads\/2020\/12\/paja_juhani3-300x200.jpg 300w\" sizes=\"(max-width: 581px) 100vw, 581px\" \/>\t\t\t\t\t\t\t\t\t\t\t\t\t\t<\/div>\n\t\t\t\t\t\t<\/div>\n\t\t\t\t<\/div>\n\t\t\t\t\t\t<\/div>\n\t\t\t\t\t<\/div>\n\t\t<\/div>\n\t\t\t\t\t\t\t\t<\/div>\n\t\t\t\t\t<\/div>\n\t\t<\/section>\n\t\t\t\t<div class=\"elementor-element elementor-element-ede0153 elementor-widget elementor-widget-heading\" data-id=\"ede0153\" data-element_type=\"widget\" data-widget_type=\"heading.default\">\n\t\t\t\t<div class=\"elementor-widget-container\">\n\t\t\t<h3 class=\"elementor-heading-title elementor-size-default\">Juhani Krappe<\/h3>\t\t<\/div>\n\t\t\t\t<\/div>\n\t\t\t\t<div class=\"elementor-element elementor-element-15676b8 elementor-widget-divider--view-line elementor-widget elementor-widget-divider\" data-id=\"15676b8\" data-element_type=\"widget\" data-widget_type=\"divider.default\">\n\t\t\t\t<div class=\"elementor-widget-container\">\n\t\t\t\t\t<div class=\"elementor-divider\">\n\t\t\t<span class=\"elementor-divider-separator\">\n\t\t\t\t\t\t<\/span>\n\t\t<\/div>\n\t\t\t\t<\/div>\n\t\t\t\t<\/div>\n\t\t\t\t<div class=\"elementor-element elementor-element-84e2760 elementor-icon-list--layout-traditional elementor-list-item-link-full_width elementor-widget elementor-widget-icon-list\" data-id=\"84e2760\" data-element_type=\"widget\" data-widget_type=\"icon-list.default\">\n\t\t\t\t<div class=\"elementor-widget-container\">\n\t\t\t\t\t<ul class=\"elementor-icon-list-items\">\n\t\t\t\t\t\t\t<li class=\"elementor-icon-list-item\">\n\t\t\t\t\t\t\t\t\t\t\t<span class=\"elementor-icon-list-icon\">\n\t\t\t\t\t\t\t<i aria-hidden=\"true\" class=\"fas fa-caret-right\"><\/i>\t\t\t\t\t\t<\/span>\n\t\t\t\t\t\t\t\t\t\t<span class=\"elementor-icon-list-text\">Toiminut sepp\u00e4n\u00e4 vuodesta 2004<\/span>\n\t\t\t\t\t\t\t\t\t<\/li>\n\t\t\t\t\t\t\t\t<li class=\"elementor-icon-list-item\">\n\t\t\t\t\t\t\t\t\t\t\t<span class=\"elementor-icon-list-icon\">\n\t\t\t\t\t\t\t<i aria-hidden=\"true\" class=\"fas fa-caret-right\"><\/i>\t\t\t\t\t\t<\/span>\n\t\t\t\t\t\t\t\t\t\t<span class=\"elementor-icon-list-text\">Onnellisen Sep\u00e4n Pajan perustaja 2008<\/span>\n\t\t\t\t\t\t\t\t\t<\/li>\n\t\t\t\t\t\t\t\t<li class=\"elementor-icon-list-item\">\n\t\t\t\t\t\t\t\t\t\t\t<span class=\"elementor-icon-list-icon\">\n\t\t\t\t\t\t\t<i aria-hidden=\"true\" class=\"fas fa-caret-right\"><\/i>\t\t\t\t\t\t<\/span>\n\t\t\t\t\t\t\t\t\t\t<span class=\"elementor-icon-list-text\">Sepp\u00e4mestari 2011<\/span>\n\t\t\t\t\t\t\t\t\t<\/li>\n\t\t\t\t\t\t\t\t<li class=\"elementor-icon-list-item\">\n\t\t\t\t\t\t\t\t\t\t\t<span class=\"elementor-icon-list-icon\">\n\t\t\t\t\t\t\t<i aria-hidden=\"true\" class=\"fas fa-caret-right\"><\/i>\t\t\t\t\t\t<\/span>\n\t\t\t\t\t\t\t\t\t\t<span class=\"elementor-icon-list-text\">Vuoden taidesepp\u00e4 2019<\/span>\n\t\t\t\t\t\t\t\t\t<\/li>\n\t\t\t\t\t\t<\/ul>\n\t\t\t\t<\/div>\n\t\t\t\t<\/div>\n\t\t\t\t<div class=\"elementor-element elementor-element-b5c4ed4 elementor-widget elementor-widget-text-editor\" data-id=\"b5c4ed4\" data-element_type=\"widget\" data-widget_type=\"text-editor.default\">\n\t\t\t\t<div class=\"elementor-widget-container\">\n\t\t\t\t\t\t\t\t<div class=\"elementor-text-editor elementor-clearfix\">\n\t\t\t\t<h6>Syyp\u00e4\u00e4 pajan perustamiseen<\/h6><p>Seppien sukua, mutta ei suoraan alenevassa polvessa \u2026 aikakirjat \u00e4idin\u00e4idin suvusta kertovat, ett\u00e4 Ruotsinmaalta tulivat Inhan ruukille veljekset Hammar, nimikin oli enne tai sitten ammatin\u00a0 kautta hankittu. Sukuvika siis takominen ei ole ja oikeastaan ei my\u00f6sk\u00e4\u00e4n mik\u00e4\u00e4n vakaasti harkittu ammatti. Isompaa hinkua sep\u00e4ksi ei my\u00f6sk\u00e4\u00e4n l\u00f6ytynyt, sill\u00e4 oma mielipide on, ett\u00e4 ammatin mystisyys on lajille joskus suurempi haitta kuin ilo. Onnellisen Sep\u00e4n paja syntyi, kun viestint\u00e4toimiston kautta ei taoksia kehdannut laskuttaa!<\/p><p>Omalla kohdalla helpotus on ollut, ett\u00e4 yritt\u00e4jyytt\u00e4 ei ole tarvinnut opetella ja vanhan tai rinnakkaisammatin kautta viestint\u00e4 ja mainosta on ollut luonteva lis\u00e4.<\/p><p>Vuosien kuluessa on my\u00f6s hyv\u00e4ksynyt sen, ett\u00e4 on tullut pajalle liian vanhana \u2013 t\u00e4ss\u00e4 ammatissa kun ei koskaan tule valmiiksi, mutta kertyneet kilometrit kyll\u00e4 v\u00e4kisinkin n\u00e4kyv\u00e4t k\u00e4denj\u00e4ljess\u00e4.<\/p><p>Yhdistystoiminta on ollut my\u00f6s l\u00e4hell\u00e4 syd\u00e4nt\u00e4 ja ollut opettavaista. Kokemusta on kertynyt kumpaisestakin sep\u00e4nalan yhdistyksest\u00e4, toisessa sihteerin\u00e4 ja toisessa puheenjohtajana. Toiveajattelua on, ett\u00e4 yhdistykset yhdess\u00e4 p\u00e4\u00e4tt\u00e4isiv\u00e4t perustaa uuden yhdistyksen, joka ker\u00e4isi suojiinsa niin alan ammattilaiset kuin harrastajat ja edustaisi suomalaista sep\u00e4nty\u00f6t\u00e4 maan rajojen ulkopuolella.<\/p><p>Tarkka curricum vitae j\u00e4\u00e4 t\u00e4ll\u00e4 kertaa julkaisematta, mutta pid\u00e4n eritt\u00e4in t\u00e4rke\u00e4n\u00e4, ett\u00e4 alalla toimivat suorittavat sep\u00e4nalan ammattitutkinnot. Ammattitutkinnot ovat osaamisen n\u00e4ytt\u00e4mist\u00e4 eli ne tekij\u00e4\u00e4 tuntematta kertovat jotain asiakkaalle.<\/p><p>Yritt\u00e4jyyden etuja muuten on, ettei tarvitse j\u00e4\u00e4d\u00e4 el\u00e4kkeelle, jos ei halua. Valtion hallinnon ponnistukset\u00a0 yli 50-vuotiaiden ty\u00f6llist\u00e4misest\u00e4 hieman hymyilytt\u00e4v\u00e4t, sill\u00e4 tuo rajapyykki tuli ylitetty\u00e4 jo parikymment\u00e4 vuotta sitten.<\/p><p>Mik\u00e4 ammatissa sitten vieh\u00e4tt\u00e4\u00e4? Varmaan materiaali, ter\u00e4kseen on k\u00e4tketty paljon tarinoita, joita on kaivettu esiin vuoden 2020 yksityisiss\u00e4 taiden\u00e4yttelyiss\u00e4: Tarinoita-Ber\u00e4ttelser, Lilla Galleriet, Tammisaari ja Tarinoita ter\u00e4ksest\u00e4, Tuulikaappi Galleria, \u00c4ht\u00e4ri.<\/p><p><em>Tarinat l\u00f6ytyv\u00e4t, mist\u00e4 muualta kuin facebookista!<\/em><\/p>\t\t\t\t\t<\/div>\n\t\t\t\t\t\t<\/div>\n\t\t\t\t<\/div>\n\t\t\t\t\t\t<\/div>\n\t\t\t\t\t<\/div>\n\t\t<\/div>\n\t\t\t\t<div class=\"elementor-column elementor-col-50 elementor-inner-column elementor-element elementor-element-1bbf648\" data-id=\"1bbf648\" data-element_type=\"column\">\n\t\t\t<div class=\"elementor-column-wrap elementor-element-populated\">\n\t\t\t\t\t\t\t<div class=\"elementor-widget-wrap\">\n\t\t\t\t\t\t<section class=\"elementor-section elementor-inner-section elementor-element elementor-element-982aa9f elementor-section-boxed elementor-section-height-default elementor-section-height-default\" data-id=\"982aa9f\" data-element_type=\"section\">\n\t\t\t\t\t\t<div class=\"elementor-container elementor-column-gap-default\">\n\t\t\t\t\t\t\t<div class=\"elementor-row\">\n\t\t\t\t\t<div class=\"elementor-column elementor-col-100 elementor-inner-column elementor-element elementor-element-c2f0634\" data-id=\"c2f0634\" data-element_type=\"column\">\n\t\t\t<div class=\"elementor-column-wrap elementor-element-populated\">\n\t\t\t\t\t\t\t<div class=\"elementor-widget-wrap\">\n\t\t\t\t\t\t<div class=\"elementor-element elementor-element-2bae9c1 elementor-widget elementor-widget-image\" data-id=\"2bae9c1\" data-element_type=\"widget\" data-widget_type=\"image.default\">\n\t\t\t\t<div class=\"elementor-widget-container\">\n\t\t\t\t\t\t\t\t<div class=\"elementor-image\">\n\t\t\t\t\t\t\t\t\t\t\t\t<img decoding=\"async\" width=\"581\" height=\"387\" src=\"http:\/\/graafinenkuu.com\/wordpress\/wp-content\/uploads\/2020\/12\/paja_sami_mv.jpg\" class=\"attachment-large size-large\" alt=\"\" loading=\"lazy\" srcset=\"http:\/\/graafinenkuu.com\/wordpress\/wp-content\/uploads\/2020\/12\/paja_sami_mv.jpg 581w, http:\/\/graafinenkuu.com\/wordpress\/wp-content\/uploads\/2020\/12\/paja_sami_mv-300x200.jpg 300w\" sizes=\"(max-width: 581px) 100vw, 581px\" \/>\t\t\t\t\t\t\t\t\t\t\t\t\t\t<\/div>\n\t\t\t\t\t\t<\/div>\n\t\t\t\t<\/div>\n\t\t\t\t\t\t<\/div>\n\t\t\t\t\t<\/div>\n\t\t<\/div>\n\t\t\t\t\t\t\t\t<\/div>\n\t\t\t\t\t<\/div>\n\t\t<\/section>\n\t\t\t\t<div class=\"elementor-element elementor-element-a2cb244 elementor-widget elementor-widget-heading\" data-id=\"a2cb244\" data-element_type=\"widget\" data-widget_type=\"heading.default\">\n\t\t\t\t<div class=\"elementor-widget-container\">\n\t\t\t<h3 class=\"elementor-heading-title elementor-size-default\">Sami Ryh\u00e4nen\n<\/h3>\t\t<\/div>\n\t\t\t\t<\/div>\n\t\t\t\t<div class=\"elementor-element elementor-element-a462fae elementor-widget-divider--view-line elementor-widget elementor-widget-divider\" data-id=\"a462fae\" data-element_type=\"widget\" data-widget_type=\"divider.default\">\n\t\t\t\t<div class=\"elementor-widget-container\">\n\t\t\t\t\t<div class=\"elementor-divider\">\n\t\t\t<span class=\"elementor-divider-separator\">\n\t\t\t\t\t\t<\/span>\n\t\t<\/div>\n\t\t\t\t<\/div>\n\t\t\t\t<\/div>\n\t\t\t\t<div class=\"elementor-element elementor-element-14d4194 elementor-icon-list--layout-traditional elementor-list-item-link-full_width elementor-widget elementor-widget-icon-list\" data-id=\"14d4194\" data-element_type=\"widget\" data-widget_type=\"icon-list.default\">\n\t\t\t\t<div class=\"elementor-widget-container\">\n\t\t\t\t\t<ul class=\"elementor-icon-list-items\">\n\t\t\t\t\t\t\t<li class=\"elementor-icon-list-item\">\n\t\t\t\t\t\t\t\t\t\t\t<span class=\"elementor-icon-list-icon\">\n\t\t\t\t\t\t\t<i aria-hidden=\"true\" class=\"fas fa-caret-right\"><\/i>\t\t\t\t\t\t<\/span>\n\t\t\t\t\t\t\t\t\t\t<span class=\"elementor-icon-list-text\">Toiminut sepp\u00e4n\u00e4 vuodesta 2008<\/span>\n\t\t\t\t\t\t\t\t\t<\/li>\n\t\t\t\t\t\t\t\t<li class=\"elementor-icon-list-item\">\n\t\t\t\t\t\t\t\t\t\t\t<span class=\"elementor-icon-list-icon\">\n\t\t\t\t\t\t\t<i aria-hidden=\"true\" class=\"fas fa-caret-right\"><\/i>\t\t\t\t\t\t<\/span>\n\t\t\t\t\t\t\t\t\t\t<span class=\"elementor-icon-list-text\">Onnellisen Sep\u00e4n Paja \/ yhti\u00f6kumppani 2012<\/span>\n\t\t\t\t\t\t\t\t\t<\/li>\n\t\t\t\t\t\t\t\t<li class=\"elementor-icon-list-item\">\n\t\t\t\t\t\t\t\t\t\t\t<span class=\"elementor-icon-list-icon\">\n\t\t\t\t\t\t\t<i aria-hidden=\"true\" class=\"fas fa-caret-right\"><\/i>\t\t\t\t\t\t<\/span>\n\t\t\t\t\t\t\t\t\t\t<span class=\"elementor-icon-list-text\">Sepp\u00e4mestari 2013<\/span>\n\t\t\t\t\t\t\t\t\t<\/li>\n\t\t\t\t\t\t\t\t<li class=\"elementor-icon-list-item\">\n\t\t\t\t\t\t\t\t\t\t\t<span class=\"elementor-icon-list-icon\">\n\t\t\t\t\t\t\t<i aria-hidden=\"true\" class=\"fas fa-caret-right\"><\/i>\t\t\t\t\t\t<\/span>\n\t\t\t\t\t\t\t\t\t\t<span class=\"elementor-icon-list-text\">Suomenmestari 2014, PM-taonnan 2. sija 2015<\/span>\n\t\t\t\t\t\t\t\t\t<\/li>\n\t\t\t\t\t\t<\/ul>\n\t\t\t\t<\/div>\n\t\t\t\t<\/div>\n\t\t\t\t<div class=\"elementor-element elementor-element-4a41e1c elementor-widget elementor-widget-text-editor\" data-id=\"4a41e1c\" data-element_type=\"widget\" data-widget_type=\"text-editor.default\">\n\t\t\t\t<div class=\"elementor-widget-container\">\n\t\t\t\t\t\t\t\t<div class=\"elementor-text-editor elementor-clearfix\">\n\t\t\t\t<h6>Oppipojasta mestariksi<\/h6><p>Itsens\u00e4 omalta tuntuvasta paikasta sattumalta ja suunnittelematta l\u00f6yt\u00e4nyt &#8211; siin\u00e4 mieless\u00e4 ainakin, ettei sep\u00e4n ammattiin ikin\u00e4 mink\u00e4\u00e4nlainen into tai palo ohjannut. Syy tai syyp\u00e4\u00e4 alavalintaan l\u00f6ytyy kuitenkin l\u00e4helt\u00e4, viitaten pajan perustajaan, joka ahjon \u00e4\u00e4relle ensimm\u00e4si\u00e4 kertoja aikanaan houkutteli.<\/p><p>Pajalle asettuminen alkoi siis harjoittelujaksosta, jonka aikana my\u00f6s sepp\u00e4kis\u00e4llin ammattitutkinto tuli suoritetuksi. Ammattipaperit takataskussaan otti ensiaskeleet yritt\u00e4jyyden tiell\u00e4, aloittaen toiminimell\u00e4 Onnellisen Sep\u00e4n Pajan tiloissa. Yhteiselo pajalla muotoutui my\u00f6hemmin yhti\u00f6kumppanuudeksi. Sill\u00e4 kohdin oli p\u00e4tevyytt\u00e4 kartutettu jo sepp\u00e4mestarin erikoisammattitutkinnolla, samoin kuin\u00a0 muutamalla toimintaa hy\u00f6dytt\u00e4v\u00e4ll\u00e4 osatutkinnolla ja osaamisella.<\/p><p>N\u00e4ytt\u00f6tutkintoihin on sittemmin otettu osaa jatkuvasti t\u00e4h\u00e4nkin p\u00e4iv\u00e4\u00e4n saakka, tosin rooli on vaihtunut vastaanottajan ja arvioijan puolelle.<\/p><p>Miksi alasimen \u00e4\u00e4relle on sitten helposti tultu ja j\u00e4\u00e4ty? K\u00e4sill\u00e4 tekeminen on lapsuudesta saakka ollut helposti l\u00e4hestytt\u00e4v\u00e4 aihe, josta johtuen k\u00e4sity\u00f6l\u00e4isammattiin opiskeleminen ei ikin\u00e4 vieraalta ajatukselta tuntunut.<\/p><p>Erityisesti plastisesti ty\u00f6stettyn\u00e4 ter\u00e4s tarjoaa valtavasti mahdollisuuksia, lopputuloksen ollessa jykev\u00e4 tai herkk\u00e4 &#8211; kuitenkin aina persoonallinen.<\/p>\t\t\t\t\t<\/div>\n\t\t\t\t\t\t<\/div>\n\t\t\t\t<\/div>\n\t\t\t\t\t\t<\/div>\n\t\t\t\t\t<\/div>\n\t\t<\/div>\n\t\t\t\t\t\t\t\t<\/div>\n\t\t\t\t\t<\/div>\n\t\t<\/section>\n\t\t\t\t\t\t<\/div>\n\t\t\t\t\t<\/div>\n\t\t<\/div>\n\t\t\t\t\t\t\t\t<\/div>\n\t\t\t\t\t<\/div>\n\t\t<\/section>\n\t\t\t\t\t\t\t\t\t<\/div>\n\t\t\t<\/div>\n\t\t\t\t\t<\/div>\n\t\t","protected":false},"excerpt":{"rendered":"<p>pajan tarina mist\u00e4 kaikki sai alkunsa? Jos unohdetaan entiselle kotipaikalle tehdyt pajaviritykset, niin ensimm\u00e4inen oma paja l\u00f6ytyi Karjaalta vuoden 2004 kev\u00e4\u00e4ll\u00e4. Sepp\u00e4yritt\u00e4j\u00e4koulutuksessa ollut tuttava oli vuokrannut VR:n vanhan pajan ja ensimm\u00e4iset vuodet pajaa vuokrattiin kimpassa. Ty\u00f6t veiv\u00e4t toisen harrastajan pois paikkakunnalta ja onnellisista sepist\u00e4 vanhempi jatkoi pajalla muiden t\u00f6iden ja sep\u00e4ksi opiskelun ohessa. Iltakurssien lis\u00e4ksi &hellip;<\/p>\n<p class=\"read-more\"> <a class=\"\" href=\"http:\/\/graafinenkuu.com\/wordpress\/pajan-tarina\/\"> <span class=\"screen-reader-text\">Pajan tarina<\/span> Lue lis\u00e4\u00e4 &raquo;<\/a><\/p>\n","protected":false},"author":1,"featured_media":0,"parent":0,"menu_order":0,"comment_status":"closed","ping_status":"closed","template":"","meta":{"site-sidebar-layout":"no-sidebar","site-content-layout":"page-builder","ast-global-header-display":"","ast-main-header-display":"","ast-hfb-above-header-display":"","ast-hfb-below-header-display":"","ast-hfb-mobile-header-display":"","site-post-title":"disabled","ast-breadcrumbs-content":"","ast-featured-img":"disabled","footer-sml-layout":"","theme-transparent-header-meta":"default","adv-header-id-meta":"","stick-header-meta":"","header-above-stick-meta":"","header-main-stick-meta":"","header-below-stick-meta":""},"_links":{"self":[{"href":"http:\/\/graafinenkuu.com\/wordpress\/wp-json\/wp\/v2\/pages\/681"}],"collection":[{"href":"http:\/\/graafinenkuu.com\/wordpress\/wp-json\/wp\/v2\/pages"}],"about":[{"href":"http:\/\/graafinenkuu.com\/wordpress\/wp-json\/wp\/v2\/types\/page"}],"author":[{"embeddable":true,"href":"http:\/\/graafinenkuu.com\/wordpress\/wp-json\/wp\/v2\/users\/1"}],"replies":[{"embeddable":true,"href":"http:\/\/graafinenkuu.com\/wordpress\/wp-json\/wp\/v2\/comments?post=681"}],"version-history":[{"count":41,"href":"http:\/\/graafinenkuu.com\/wordpress\/wp-json\/wp\/v2\/pages\/681\/revisions"}],"predecessor-version":[{"id":866,"href":"http:\/\/graafinenkuu.com\/wordpress\/wp-json\/wp\/v2\/pages\/681\/revisions\/866"}],"wp:attachment":[{"href":"http:\/\/graafinenkuu.com\/wordpress\/wp-json\/wp\/v2\/media?parent=681"}],"curies":[{"name":"wp","href":"https:\/\/api.w.org\/{rel}","templated":true}]}}